{"id":25,"date":"2022-10-16T17:04:41","date_gmt":"2022-10-16T15:04:41","guid":{"rendered":"https:\/\/eamp.lu\/?page_id=25"},"modified":"2026-01-14T18:20:30","modified_gmt":"2026-01-14T17:20:30","slug":"etude-davocat-marc-petit","status":"publish","type":"page","link":"https:\/\/eamp.lu\/","title":{"rendered":"Accueil"},"content":{"rendered":"<style>.kb-row-layout-id25_19ee1a-12 > .kt-row-column-wrap{align-content:center;}:where(.kb-row-layout-id25_19ee1a-12 > .kt-row-column-wrap) > .wp-block-kadence-column{justify-content:center;}.kb-row-layout-id25_19ee1a-12 > .kt-row-column-wrap{column-gap:var(--global-kb-gap-md, 2rem);row-gap:var(--global-kb-gap-md, 2rem);padding-top:80px;padding-bottom:80px;grid-template-columns:minmax(0, calc(10% - ((var(--global-kb-gap-md, 2rem) * 2 )\/3)))minmax(0, calc(80% - ((var(--global-kb-gap-md, 2rem) * 2 )\/3)))minmax(0, calc(10% - ((var(--global-kb-gap-md, 2rem) * 2 )\/3)));}.kb-row-layout-id25_19ee1a-12 > .kt-row-layout-overlay{opacity:0.80;background-color:var(--global-palette9, #ffffff);}.kb-row-layout-id25_19ee1a-12 .kt-row-layout-bottom-sep{height:100px;}.kb-row-layout-id25_19ee1a-12 .kt-row-layout-bottom-sep svg{width:100%;}.kb-row-layout-id25_19ee1a-12 .kt-row-layout-bottom-sep svg{fill:#ffffff!important;}@media all and (max-width: 1024px){.kb-row-layout-id25_19ee1a-12 > .kt-row-column-wrap{padding-top:79px;grid-template-columns:minmax(0, 1fr) minmax(0, 6fr) minmax(0, 1fr);}}@media all and (max-width: 1024px){.kb-row-layout-id25_19ee1a-12 > .kt-row-column-wrap > div:not(.added-for-specificity){grid-column:initial;}}@media all and (max-width: 1024px){.kb-row-layout-id25_19ee1a-12 .kt-row-layout-bottom-sep{height:px;}}@media all and (max-width: 1024px){.kb-row-layout-id25_19ee1a-12 .kt-row-layout-bottom-sep svg{width:%;}}@media all and (max-width: 767px){.kb-row-layout-id25_19ee1a-12 > .kt-row-column-wrap > div:not(.added-for-specificity){grid-column:initial;}.kb-row-layout-id25_19ee1a-12 > .kt-row-column-wrap{grid-template-columns:minmax(0, 1fr);}.kb-row-layout-id25_19ee1a-12 .kt-row-layout-bottom-sep{height:px;}.kb-row-layout-id25_19ee1a-12 .kt-row-layout-bottom-sep svg{width:%;}}<\/style><div class=\"kb-row-layout-wrap kb-row-layout-id25_19ee1a-12 aligncenter kt-row-has-bg wp-block-kadence-rowlayout\"><div class=\"kt-blocks-carousel kb-blocks-bg-slider kt-carousel-container-dotstyle-none\"><div class=\"kt-blocks-carousel-init splide kb-blocks-bg-slider-init kt-carousel-arrowstyle-none kt-carousel-dotstyle-none\" data-slider-anim-speed=\"400\" data-slider-type=\"slider\" data-slider-scroll=\"1\" data-slider-arrows=\"false\" data-slider-fade=\"true\" data-slider-dots=\"false\" data-slider-hover-pause=\"false\" data-slider-auto=\"true\" data-slider-speed=\"7000\" data-show-pause-button=\"false\"><div class=\"splide__track\"><ul class=\"splide__list\"><li class=\"splide__slide kb-bg-slide-contain\"><div  class=\"kb-bg-slide kb-bg-slide-0\" style=\"background-image:url(https:\/\/eamp.lu\/wp-content\/uploads\/2022\/11\/WhatsApp-Image-2022-10-26-at-15.48.46-4.jpeg); background-size:cover; background-position:center center; background-repeat:no-repeat;\"><\/div><\/li><li class=\"splide__slide kb-bg-slide-contain\"><div  class=\"kb-bg-slide kb-bg-slide-1\" style=\"background-image:url(https:\/\/eamp.lu\/wp-content\/uploads\/2022\/11\/WhatsApp-Image-2022-10-26-at-15.48.46.MD_.png); background-size:cover; background-position:center center; background-repeat:no-repeat;\"><\/div><\/li><li class=\"splide__slide kb-bg-slide-contain\"><div  class=\"kb-bg-slide kb-bg-slide-2\" style=\"background-image:url(https:\/\/eamp.lu\/wp-content\/uploads\/2022\/11\/WhatsApp-Image-2022-10-26-at-15.48.43.jpeg); background-size:cover; background-position:center center; background-repeat:no-repeat;\"><\/div><\/li><li class=\"splide__slide kb-bg-slide-contain\"><div  class=\"kb-bg-slide kb-bg-slide-3\" style=\"background-image:url(https:\/\/eamp.lu\/wp-content\/uploads\/2022\/11\/WhatsApp-Image-2022-10-26-at-15.48.47.jpeg); background-size:cover; background-position:center center; background-repeat:no-repeat;\"><\/div><\/li><\/ul><\/div><\/div><\/div><div class=\"kt-row-layout-overlay kt-row-overlay-normal\"><\/div><div class=\"kt-row-layout-bottom-sep kt-row-sep-type-threelevels\"><svg viewBox=\"0 0 1000 100\" preserveAspectRatio=\"none\"><path style=\"opacity: 0.33\" d=\"M0 95L1000 0v100H0v-5z\"><\/path><path style=\"opacity: 0.66\" d=\"M0 95l1000-67.944V100H0v-5z\"><\/path><path d=\"M0 95l1000-40.887V100H0v-5z\"><\/path><\/svg><\/div><div class=\"kt-row-column-wrap kt-has-3-columns kt-row-layout-center-exwide kt-tab-layout-inherit kt-mobile-layout-row kt-row-valign-middle\">\n<style>.kadence-column25_4914ab-b8 > .kt-inside-inner-col{border-top-width:0px;border-right-width:0px;border-bottom-width:0px;border-left-width:0px;}.kadence-column25_4914ab-b8 > .kt-inside-inner-col,.kadence-column25_4914ab-b8 > .kt-inside-inner-col:before{border-top-left-radius:0px;border-top-right-radius:0px;border-bottom-right-radius:0px;border-bottom-left-radius:0px;}.kadence-column25_4914ab-b8 > .kt-inside-inner-col{column-gap:var(--global-kb-gap-sm, 1rem);}.kadence-column25_4914ab-b8 > .kt-inside-inner-col{flex-direction:column;}.kadence-column25_4914ab-b8 > .kt-inside-inner-col > .aligncenter{width:100%;}.kadence-column25_4914ab-b8 > .kt-inside-inner-col:before{opacity:0.3;}.kadence-column25_4914ab-b8{position:relative;}@media all and (max-width: 1024px){.kadence-column25_4914ab-b8 > .kt-inside-inner-col{flex-direction:column;justify-content:center;}}@media all and (max-width: 767px){.kadence-column25_4914ab-b8 > .kt-inside-inner-col{flex-direction:column;justify-content:center;}}<\/style>\n<div class=\"wp-block-kadence-column kadence-column25_4914ab-b8 inner-column-1\"><div class=\"kt-inside-inner-col\"><\/div><\/div>\n\n\n<style>.kadence-column25_c520fa-7f > .kt-inside-inner-col{border-top-width:0px;border-right-width:0px;border-bottom-width:0px;border-left-width:0px;}.kadence-column25_c520fa-7f > .kt-inside-inner-col,.kadence-column25_c520fa-7f > .kt-inside-inner-col:before{border-top-left-radius:0px;border-top-right-radius:0px;border-bottom-right-radius:0px;border-bottom-left-radius:0px;}.kadence-column25_c520fa-7f > .kt-inside-inner-col{column-gap:var(--global-kb-gap-sm, 1rem);}.kadence-column25_c520fa-7f > .kt-inside-inner-col{flex-direction:column;}.kadence-column25_c520fa-7f > .kt-inside-inner-col > .aligncenter{width:100%;}.kadence-column25_c520fa-7f > .kt-inside-inner-col:before{opacity:0.3;}.kadence-column25_c520fa-7f{position:relative;}@media all and (max-width: 1024px){.kadence-column25_c520fa-7f > .kt-inside-inner-col{flex-direction:column;justify-content:center;}}@media all and (max-width: 767px){.kadence-column25_c520fa-7f > .kt-inside-inner-col{flex-direction:column;justify-content:center;}}<\/style>\n<div class=\"wp-block-kadence-column kadence-column25_c520fa-7f inner-column-2\"><div class=\"kt-inside-inner-col\"><style>.wp-block-kadence-advancedheading.kt-adv-heading25_0498d0-2f, .wp-block-kadence-advancedheading.kt-adv-heading25_0498d0-2f[data-kb-block=\"kb-adv-heading25_0498d0-2f\"]{text-align:center;font-style:normal;}.wp-block-kadence-advancedheading.kt-adv-heading25_0498d0-2f mark.kt-highlight, .wp-block-kadence-advancedheading.kt-adv-heading25_0498d0-2f[data-kb-block=\"kb-adv-heading25_0498d0-2f\"] mark.kt-highlight{font-style:normal;color:#f76a0c;-webkit-box-decoration-break:clone;box-decoration-break:clone;padding-top:0px;padding-right:0px;padding-bottom:0px;padding-left:0px;}.wp-block-kadence-advancedheading.kt-adv-heading25_0498d0-2f img.kb-inline-image, .wp-block-kadence-advancedheading.kt-adv-heading25_0498d0-2f[data-kb-block=\"kb-adv-heading25_0498d0-2f\"] img.kb-inline-image{width:150px;vertical-align:baseline;}<\/style>\n<h1 class=\"kt-adv-heading25_0498d0-2f wp-block-kadence-advancedheading\" data-kb-block=\"kb-adv-heading25_0498d0-2f\">Etude d&rsquo;Avocat Marc PETIT<\/h1>\n\n\n<style>.wp-block-kadence-advancedheading.kt-adv-heading25_26a028-30, .wp-block-kadence-advancedheading.kt-adv-heading25_26a028-30[data-kb-block=\"kb-adv-heading25_26a028-30\"]{text-align:center;font-style:normal;}.wp-block-kadence-advancedheading.kt-adv-heading25_26a028-30 mark.kt-highlight, .wp-block-kadence-advancedheading.kt-adv-heading25_26a028-30[data-kb-block=\"kb-adv-heading25_26a028-30\"] mark.kt-highlight{font-style:normal;color:#f76a0c;-webkit-box-decoration-break:clone;box-decoration-break:clone;padding-top:0px;padding-right:0px;padding-bottom:0px;padding-left:0px;}.wp-block-kadence-advancedheading.kt-adv-heading25_26a028-30 img.kb-inline-image, .wp-block-kadence-advancedheading.kt-adv-heading25_26a028-30[data-kb-block=\"kb-adv-heading25_26a028-30\"] img.kb-inline-image{width:150px;vertical-align:baseline;}<\/style>\n<h2 class=\"kt-adv-heading25_26a028-30 wp-block-kadence-advancedheading\" data-kb-block=\"kb-adv-heading25_26a028-30\">Tel.: +352 26 44 33 &#8211; marc.petit@barreau.lu<\/h2>\n\n\n<style>.wp-block-kadence-advancedheading.kt-adv-heading25_213ad5-21, .wp-block-kadence-advancedheading.kt-adv-heading25_213ad5-21[data-kb-block=\"kb-adv-heading25_213ad5-21\"]{text-align:center;font-style:normal;}.wp-block-kadence-advancedheading.kt-adv-heading25_213ad5-21 mark.kt-highlight, .wp-block-kadence-advancedheading.kt-adv-heading25_213ad5-21[data-kb-block=\"kb-adv-heading25_213ad5-21\"] mark.kt-highlight{font-style:normal;color:#f76a0c;-webkit-box-decoration-break:clone;box-decoration-break:clone;padding-top:0px;padding-right:0px;padding-bottom:0px;padding-left:0px;}.wp-block-kadence-advancedheading.kt-adv-heading25_213ad5-21 img.kb-inline-image, .wp-block-kadence-advancedheading.kt-adv-heading25_213ad5-21[data-kb-block=\"kb-adv-heading25_213ad5-21\"] img.kb-inline-image{width:150px;vertical-align:baseline;}<\/style>\n<h5 class=\"kt-adv-heading25_213ad5-21 wp-block-kadence-advancedheading\" data-kb-block=\"kb-adv-heading25_213ad5-21\">FAX: +352 26 44 33 44<\/h5>\n\n\n<style>.wp-block-kadence-advancedheading.kt-adv-heading25_ed8963-d3, .wp-block-kadence-advancedheading.kt-adv-heading25_ed8963-d3[data-kb-block=\"kb-adv-heading25_ed8963-d3\"]{text-align:center;font-style:normal;}.wp-block-kadence-advancedheading.kt-adv-heading25_ed8963-d3 mark.kt-highlight, .wp-block-kadence-advancedheading.kt-adv-heading25_ed8963-d3[data-kb-block=\"kb-adv-heading25_ed8963-d3\"] mark.kt-highlight{font-style:normal;color:#f76a0c;-webkit-box-decoration-break:clone;box-decoration-break:clone;padding-top:0px;padding-right:0px;padding-bottom:0px;padding-left:0px;}.wp-block-kadence-advancedheading.kt-adv-heading25_ed8963-d3 img.kb-inline-image, .wp-block-kadence-advancedheading.kt-adv-heading25_ed8963-d3[data-kb-block=\"kb-adv-heading25_ed8963-d3\"] img.kb-inline-image{width:150px;vertical-align:baseline;}<\/style>\n<h3 class=\"kt-adv-heading25_ed8963-d3 wp-block-kadence-advancedheading\" data-kb-block=\"kb-adv-heading25_ed8963-d3\">50 Route d&rsquo;Esch, L-1470 Luxembourg<\/h3>\n\n\n<style>.wp-block-kadence-spacer.kt-block-spacer-25_c7360d-3f .kt-block-spacer{height:60px;}.wp-block-kadence-spacer.kt-block-spacer-25_c7360d-3f .kt-divider{border-top-width:1px;height:1px;border-top-color:#eee;width:80%;border-top-style:solid;}<\/style>\n<div class=\"wp-block-kadence-spacer aligncenter kt-block-spacer-25_c7360d-3f\"><div class=\"kt-block-spacer kt-block-spacer-halign-center\"><hr class=\"kt-divider\"\/><\/div><\/div>\n\n\n<style>.wp-block-kadence-advancedheading.kt-adv-heading25_928b63-5c, .wp-block-kadence-advancedheading.kt-adv-heading25_928b63-5c[data-kb-block=\"kb-adv-heading25_928b63-5c\"]{font-style:normal;}.wp-block-kadence-advancedheading.kt-adv-heading25_928b63-5c mark.kt-highlight, .wp-block-kadence-advancedheading.kt-adv-heading25_928b63-5c[data-kb-block=\"kb-adv-heading25_928b63-5c\"] mark.kt-highlight{font-style:normal;color:#f76a0c;-webkit-box-decoration-break:clone;box-decoration-break:clone;padding-top:0px;padding-right:0px;padding-bottom:0px;padding-left:0px;}.wp-block-kadence-advancedheading.kt-adv-heading25_928b63-5c img.kb-inline-image, .wp-block-kadence-advancedheading.kt-adv-heading25_928b63-5c[data-kb-block=\"kb-adv-heading25_928b63-5c\"] img.kb-inline-image{width:150px;vertical-align:baseline;}<\/style>\n<h2 class=\"kt-adv-heading25_928b63-5c wp-block-kadence-advancedheading\" data-kb-block=\"kb-adv-heading25_928b63-5c\">Accueil<\/h2>\n\n\n<style>.wp-block-kadence-advancedheading.kt-adv-heading25_296d44-12, .wp-block-kadence-advancedheading.kt-adv-heading25_296d44-12[data-kb-block=\"kb-adv-heading25_296d44-12\"]{font-style:normal;}.wp-block-kadence-advancedheading.kt-adv-heading25_296d44-12 mark.kt-highlight, .wp-block-kadence-advancedheading.kt-adv-heading25_296d44-12[data-kb-block=\"kb-adv-heading25_296d44-12\"] mark.kt-highlight{font-style:normal;color:#f76a0c;-webkit-box-decoration-break:clone;box-decoration-break:clone;padding-top:0px;padding-right:0px;padding-bottom:0px;padding-left:0px;}.wp-block-kadence-advancedheading.kt-adv-heading25_296d44-12 img.kb-inline-image, .wp-block-kadence-advancedheading.kt-adv-heading25_296d44-12[data-kb-block=\"kb-adv-heading25_296d44-12\"] img.kb-inline-image{width:150px;vertical-align:baseline;}<\/style>\n<h4 class=\"kt-adv-heading25_296d44-12 wp-block-kadence-advancedheading\" data-kb-block=\"kb-adv-heading25_296d44-12\">Fond\u00e9e en l&rsquo;an 2000, l\u2019Etude d\u2019Avocats Marc PETIT vous accueille, vous conseille, vous repr\u00e9sente&nbsp; et vous fournit des prestations de services et des conseils juridiques.<\/h4>\n\n\n<style>.wp-block-kadence-advancedheading.kt-adv-heading25_f062d7-e1, .wp-block-kadence-advancedheading.kt-adv-heading25_f062d7-e1[data-kb-block=\"kb-adv-heading25_f062d7-e1\"]{font-style:normal;}.wp-block-kadence-advancedheading.kt-adv-heading25_f062d7-e1 mark.kt-highlight, .wp-block-kadence-advancedheading.kt-adv-heading25_f062d7-e1[data-kb-block=\"kb-adv-heading25_f062d7-e1\"] mark.kt-highlight{font-style:normal;color:#f76a0c;-webkit-box-decoration-break:clone;box-decoration-break:clone;padding-top:0px;padding-right:0px;padding-bottom:0px;padding-left:0px;}.wp-block-kadence-advancedheading.kt-adv-heading25_f062d7-e1 img.kb-inline-image, .wp-block-kadence-advancedheading.kt-adv-heading25_f062d7-e1[data-kb-block=\"kb-adv-heading25_f062d7-e1\"] img.kb-inline-image{width:150px;vertical-align:baseline;}<\/style>\n<h5 class=\"kt-adv-heading25_f062d7-e1 wp-block-kadence-advancedheading\" data-kb-block=\"kb-adv-heading25_f062d7-e1\">Chaque Avocat s\u2019investit personnellement afin de r\u00e9soudre vos probl\u00e8mes et de vous apporter des conseils juridiques appropri\u00e9s.<\/h5>\n\n\n<style>.wp-block-kadence-advancedheading.kt-adv-heading25_58f830-23, .wp-block-kadence-advancedheading.kt-adv-heading25_58f830-23[data-kb-block=\"kb-adv-heading25_58f830-23\"]{font-style:normal;}.wp-block-kadence-advancedheading.kt-adv-heading25_58f830-23 mark.kt-highlight, .wp-block-kadence-advancedheading.kt-adv-heading25_58f830-23[data-kb-block=\"kb-adv-heading25_58f830-23\"] mark.kt-highlight{font-style:normal;color:#f76a0c;-webkit-box-decoration-break:clone;box-decoration-break:clone;padding-top:0px;padding-right:0px;padding-bottom:0px;padding-left:0px;}.wp-block-kadence-advancedheading.kt-adv-heading25_58f830-23 img.kb-inline-image, .wp-block-kadence-advancedheading.kt-adv-heading25_58f830-23[data-kb-block=\"kb-adv-heading25_58f830-23\"] img.kb-inline-image{width:150px;vertical-align:baseline;}<\/style>\n<h5 class=\"kt-adv-heading25_58f830-23 wp-block-kadence-advancedheading\" data-kb-block=\"kb-adv-heading25_58f830-23\">Notre Etude, \u00e0 dimension humaine, assure un suivi individualis\u00e9 et personnalis\u00e9.<\/h5>\n\n\n<style>.wp-block-kadence-advancedheading.kt-adv-heading25_f7ddd4-ee, .wp-block-kadence-advancedheading.kt-adv-heading25_f7ddd4-ee[data-kb-block=\"kb-adv-heading25_f7ddd4-ee\"]{font-style:normal;}.wp-block-kadence-advancedheading.kt-adv-heading25_f7ddd4-ee mark.kt-highlight, .wp-block-kadence-advancedheading.kt-adv-heading25_f7ddd4-ee[data-kb-block=\"kb-adv-heading25_f7ddd4-ee\"] mark.kt-highlight{font-style:normal;color:#f76a0c;-webkit-box-decoration-break:clone;box-decoration-break:clone;padding-top:0px;padding-right:0px;padding-bottom:0px;padding-left:0px;}.wp-block-kadence-advancedheading.kt-adv-heading25_f7ddd4-ee img.kb-inline-image, .wp-block-kadence-advancedheading.kt-adv-heading25_f7ddd4-ee[data-kb-block=\"kb-adv-heading25_f7ddd4-ee\"] img.kb-inline-image{width:150px;vertical-align:baseline;}<\/style>\n<h5 class=\"kt-adv-heading25_f7ddd4-ee wp-block-kadence-advancedheading\" data-kb-block=\"kb-adv-heading25_f7ddd4-ee\">A ce propos, nous proposons \u00e0 nos clients&nbsp;:<\/h5>\n\n\n\n<ul class=\"wp-block-list\">\n<li>des conseils juridiques dans toutes les mati\u00e8res du droit luxembourgeois<\/li>\n\n\n\n<li>des conseils et des entretiens en plusieurs langues: fran\u00e7ais, anglais, allemand, luxembourgeois, arabe et italien.<\/li>\n\n\n\n<li>des honoraires transparents et adapt\u00e9s \u00e0 la situation personnelle de chacun de nos clients<\/li>\n<\/ul>\n<\/div><\/div>\n\n\n<style>.kadence-column25_81c297-ef > .kt-inside-inner-col{border-top-width:0px;border-right-width:0px;border-bottom-width:0px;border-left-width:0px;}.kadence-column25_81c297-ef > .kt-inside-inner-col,.kadence-column25_81c297-ef > .kt-inside-inner-col:before{border-top-left-radius:0px;border-top-right-radius:0px;border-bottom-right-radius:0px;border-bottom-left-radius:0px;}.kadence-column25_81c297-ef > .kt-inside-inner-col{column-gap:var(--global-kb-gap-sm, 1rem);}.kadence-column25_81c297-ef > .kt-inside-inner-col{flex-direction:column;}.kadence-column25_81c297-ef > .kt-inside-inner-col > .aligncenter{width:100%;}.kadence-column25_81c297-ef > .kt-inside-inner-col:before{opacity:0.3;}.kadence-column25_81c297-ef{position:relative;}@media all and (max-width: 1024px){.kadence-column25_81c297-ef > .kt-inside-inner-col{flex-direction:column;justify-content:center;}}@media all and (max-width: 767px){.kadence-column25_81c297-ef > .kt-inside-inner-col{flex-direction:column;justify-content:center;}}<\/style>\n<div class=\"wp-block-kadence-column kadence-column25_81c297-ef inner-column-3\"><div class=\"kt-inside-inner-col\"><\/div><\/div>\n\n<\/div><\/div>\n\n\n<div class=\"wp-block-group\"><div class=\"wp-block-group__inner-container is-layout-constrained wp-block-group-is-layout-constrained\"><\/div><\/div>\n","protected":false},"excerpt":{"rendered":"<p>Etude d&rsquo;Avocat Marc PETIT Tel.: +352 26 44 33 &#8211; marc.petit@barreau.lu FAX: +352 26 44 33 44 50 Route d&rsquo;Esch, L-1470 Luxembourg Accueil Fond\u00e9e en l&rsquo;an 2000, l\u2019Etude d\u2019Avocats Marc PETIT vous accueille, vous conseille, vous repr\u00e9sente&nbsp; et vous fournit des prestations de services et des conseils juridiques. Chaque Avocat s\u2019investit personnellement afin de r\u00e9soudre&#8230;<\/p>\n","protected":false},"author":1,"featured_media":0,"parent":0,"menu_order":0,"comment_status":"closed","ping_status":"closed","template":"","meta":{"_kad_post_transparent":"","_kad_post_title":"","_kad_post_layout":"","_kad_post_sidebar_id":"","_kad_post_content_style":"","_kad_post_vertical_padding":"","_kad_post_feature":"","_kad_post_feature_position":"","_kad_post_header":false,"_kad_post_footer":false,"_kad_post_classname":"","footnotes":""},"class_list":["post-25","page","type-page","status-publish","hentry"],"_links":{"self":[{"href":"https:\/\/eamp.lu\/index.php\/wp-json\/wp\/v2\/pages\/25","targetHints":{"allow":["GET"]}}],"collection":[{"href":"https:\/\/eamp.lu\/index.php\/wp-json\/wp\/v2\/pages"}],"about":[{"href":"https:\/\/eamp.lu\/index.php\/wp-json\/wp\/v2\/types\/page"}],"author":[{"embeddable":true,"href":"https:\/\/eamp.lu\/index.php\/wp-json\/wp\/v2\/users\/1"}],"replies":[{"embeddable":true,"href":"https:\/\/eamp.lu\/index.php\/wp-json\/wp\/v2\/comments?post=25"}],"version-history":[{"count":28,"href":"https:\/\/eamp.lu\/index.php\/wp-json\/wp\/v2\/pages\/25\/revisions"}],"predecessor-version":[{"id":333,"href":"https:\/\/eamp.lu\/index.php\/wp-json\/wp\/v2\/pages\/25\/revisions\/333"}],"wp:attachment":[{"href":"https:\/\/eamp.lu\/index.php\/wp-json\/wp\/v2\/media?parent=25"}],"curies":[{"name":"wp","href":"https:\/\/api.w.org\/{rel}","templated":true}]}}