{"id":89,"date":"2022-10-16T20:38:30","date_gmt":"2022-10-16T18:38:30","guid":{"rendered":"https:\/\/eamp.lu\/?page_id=89"},"modified":"2024-09-08T15:52:05","modified_gmt":"2024-09-08T13:52:05","slug":"contact-fr","status":"publish","type":"page","link":"https:\/\/eamp.lu\/index.php\/contact-fr\/","title":{"rendered":"Contact"},"content":{"rendered":"<style>.kb-row-layout-id89_df65be-7a > .kt-row-column-wrap{align-content:start;}:where(.kb-row-layout-id89_df65be-7a > .kt-row-column-wrap) > .wp-block-kadence-column{justify-content:start;}.kb-row-layout-id89_df65be-7a > .kt-row-column-wrap{column-gap:var(--global-kb-gap-md, 2rem);row-gap:var(--global-kb-gap-md, 2rem);padding-top:80px;padding-bottom:25px;grid-template-columns:minmax(0, calc(20% - ((var(--global-kb-gap-md, 2rem) * 2 )\/3)))minmax(0, calc(60% - ((var(--global-kb-gap-md, 2rem) * 2 )\/3)))minmax(0, calc(20% - ((var(--global-kb-gap-md, 2rem) * 2 )\/3)));}.kb-row-layout-id89_df65be-7a > .kt-row-layout-overlay{opacity:0.70;background-color:var(--global-palette9, #ffffff);}.kb-row-layout-id89_df65be-7a .kt-row-layout-bottom-sep{height:100px;}.kb-row-layout-id89_df65be-7a .kt-row-layout-bottom-sep svg{width:100%;}.kb-row-layout-id89_df65be-7a .kt-row-layout-bottom-sep svg{fill:#ffffff!important;}@media all and (max-width: 1024px){.kb-row-layout-id89_df65be-7a > .kt-row-column-wrap > div:not(.added-for-specificity){grid-column:initial;}}@media all and (max-width: 1024px){.kb-row-layout-id89_df65be-7a > .kt-row-column-wrap{grid-template-columns:minmax(0, 1fr) minmax(0, 3fr) minmax(0, 1fr);}}@media all and (max-width: 1024px){.kb-row-layout-id89_df65be-7a .kt-row-layout-bottom-sep{height:px;}}@media all and (max-width: 1024px){.kb-row-layout-id89_df65be-7a .kt-row-layout-bottom-sep svg{width:%;}}@media all and (max-width: 767px){.kb-row-layout-id89_df65be-7a > .kt-row-column-wrap > div:not(.added-for-specificity){grid-column:initial;}.kb-row-layout-id89_df65be-7a > .kt-row-column-wrap{grid-template-columns:minmax(0, 1fr);}.kb-row-layout-id89_df65be-7a .kt-row-layout-bottom-sep{height:px;}.kb-row-layout-id89_df65be-7a .kt-row-layout-bottom-sep svg{width:%;}}<\/style><div class=\"kb-row-layout-wrap kb-row-layout-id89_df65be-7a alignnone kt-row-has-bg wp-block-kadence-rowlayout\"><div class=\"kt-blocks-carousel kb-blocks-bg-slider kt-carousel-container-dotstyle-none\"><div class=\"kt-blocks-carousel-init splide kb-blocks-bg-slider-init kt-carousel-arrowstyle-none kt-carousel-dotstyle-none\" data-slider-anim-speed=\"400\" data-slider-type=\"slider\" data-slider-scroll=\"1\" data-slider-arrows=\"false\" data-slider-fade=\"true\" data-slider-dots=\"false\" data-slider-hover-pause=\"false\" data-slider-auto=\"true\" data-slider-speed=\"7000\" data-show-pause-button=\"false\"><div class=\"splide__track\"><ul class=\"splide__list\"><li class=\"splide__slide kb-bg-slide-contain\"><div  class=\"kb-bg-slide kb-bg-slide-0\" style=\"background-image:url(https:\/\/eamp.lu\/wp-content\/uploads\/2022\/11\/WhatsApp-Image-2022-10-26-at-15.48.48.jpeg); background-size:cover; background-position:center center; background-repeat:no-repeat;\"><\/div><\/li><li class=\"splide__slide kb-bg-slide-contain\"><div  class=\"kb-bg-slide kb-bg-slide-1\" style=\"background-image:url(https:\/\/eamp.lu\/wp-content\/uploads\/2022\/11\/WhatsApp-Image-2022-10-26-at-15.48.47-4.jpeg); background-size:cover; background-position:center center; background-repeat:no-repeat;\"><\/div><\/li><li class=\"splide__slide kb-bg-slide-contain\"><div  class=\"kb-bg-slide kb-bg-slide-2\" style=\"background-image:url(https:\/\/eamp.lu\/wp-content\/uploads\/2022\/11\/WhatsApp-Image-2022-10-26-at-15.48.47-3.jpeg); background-size:cover; background-position:center center; background-repeat:no-repeat;\"><\/div><\/li><\/ul><\/div><\/div><\/div><div class=\"kt-row-layout-overlay kt-row-overlay-normal\"><\/div><div class=\"kt-row-layout-bottom-sep kt-row-sep-type-threelevels\"><svg viewBox=\"0 0 1000 100\" preserveAspectRatio=\"none\"><path style=\"opacity: 0.33\" d=\"M0 95L1000 0v100H0v-5z\"><\/path><path style=\"opacity: 0.66\" d=\"M0 95l1000-67.944V100H0v-5z\"><\/path><path d=\"M0 95l1000-40.887V100H0v-5z\"><\/path><\/svg><\/div><div class=\"kt-row-column-wrap kt-has-3-columns kt-row-layout-center-wide kt-tab-layout-inherit kt-mobile-layout-row kt-row-valign-top\">\n<style>.kadence-column89_69e8fc-5b > .kt-inside-inner-col,.kadence-column89_69e8fc-5b > .kt-inside-inner-col:before{border-top-left-radius:0px;border-top-right-radius:0px;border-bottom-right-radius:0px;border-bottom-left-radius:0px;}.kadence-column89_69e8fc-5b > .kt-inside-inner-col{column-gap:var(--global-kb-gap-sm, 1rem);}.kadence-column89_69e8fc-5b > .kt-inside-inner-col{flex-direction:column;}.kadence-column89_69e8fc-5b > .kt-inside-inner-col > .aligncenter{width:100%;}.kadence-column89_69e8fc-5b > .kt-inside-inner-col:before{opacity:0.3;}.kadence-column89_69e8fc-5b{position:relative;}@media all and (max-width: 1024px){.kadence-column89_69e8fc-5b > .kt-inside-inner-col{flex-direction:column;justify-content:center;}}@media all and (max-width: 767px){.kadence-column89_69e8fc-5b > .kt-inside-inner-col{flex-direction:column;justify-content:center;}}<\/style>\n<div class=\"wp-block-kadence-column kadence-column89_69e8fc-5b inner-column-1\"><div class=\"kt-inside-inner-col\"><\/div><\/div>\n\n\n<style>.kadence-column89_f39e26-f4 > .kt-inside-inner-col,.kadence-column89_f39e26-f4 > .kt-inside-inner-col:before{border-top-left-radius:0px;border-top-right-radius:0px;border-bottom-right-radius:0px;border-bottom-left-radius:0px;}.kadence-column89_f39e26-f4 > .kt-inside-inner-col{column-gap:var(--global-kb-gap-sm, 1rem);}.kadence-column89_f39e26-f4 > .kt-inside-inner-col{flex-direction:column;}.kadence-column89_f39e26-f4 > .kt-inside-inner-col > .aligncenter{width:100%;}.kadence-column89_f39e26-f4 > .kt-inside-inner-col:before{opacity:0.3;}.kadence-column89_f39e26-f4{position:relative;}@media all and (max-width: 1024px){.kadence-column89_f39e26-f4 > .kt-inside-inner-col{flex-direction:column;justify-content:center;}}@media all and (max-width: 767px){.kadence-column89_f39e26-f4 > .kt-inside-inner-col{flex-direction:column;justify-content:center;}}<\/style>\n<div class=\"wp-block-kadence-column kadence-column89_f39e26-f4 inner-column-2\"><div class=\"kt-inside-inner-col\"><style>.wp-block-kadence-advancedheading.kt-adv-heading89_f7924a-d3, .wp-block-kadence-advancedheading.kt-adv-heading89_f7924a-d3[data-kb-block=\"kb-adv-heading89_f7924a-d3\"]{text-align:center;font-style:normal;}.wp-block-kadence-advancedheading.kt-adv-heading89_f7924a-d3 mark.kt-highlight, .wp-block-kadence-advancedheading.kt-adv-heading89_f7924a-d3[data-kb-block=\"kb-adv-heading89_f7924a-d3\"] mark.kt-highlight{font-style:normal;color:#f76a0c;-webkit-box-decoration-break:clone;box-decoration-break:clone;padding-top:0px;padding-right:0px;padding-bottom:0px;padding-left:0px;}.wp-block-kadence-advancedheading.kt-adv-heading89_f7924a-d3 img.kb-inline-image, .wp-block-kadence-advancedheading.kt-adv-heading89_f7924a-d3[data-kb-block=\"kb-adv-heading89_f7924a-d3\"] img.kb-inline-image{width:150px;vertical-align:baseline;}<\/style>\n<h2 class=\"kt-adv-heading89_f7924a-d3 wp-block-kadence-advancedheading\" data-kb-block=\"kb-adv-heading89_f7924a-d3\">N&rsquo;h\u00e9sitez pas \u00e0 nous \u00e9crire<\/h2>\n\n\n<style>.kb-form input.kadence-blocks-field.verify{opacity:0.0;position:absolute;top:0.0;left:0.0;width:0.0;height:0.0;z-index:-1;}<\/style>\n<div class=\"wp-block-kadence-form kadence-form-89_c61e0b-ce kb-form-wrap\"><form class=\"kb-form\" action=\"\" method=\"post\"><div class=\"kadence-blocks-form-field kb-field-desk-width-100 kb-input-size-standard\"><label for=\"kb_field_89_c61e0b-ce_0\">Nom et pr\u00e9nom<span class=\"required\">*<\/span><\/label><input name=\"kb_field_0\" id=\"kb_field_89_c61e0b-ce_0\" data-label=\"Nom et pr\u00e9nom\" type=\"text\" placeholder=\"\" value=\"\" data-type=\"text\" class=\"kb-field kb-text-style-field kb-text-field kb-field-0\" data-required=\"yes\"\/><\/div><div class=\"kadence-blocks-form-field kb-form-field-1 kb-field-desk-width-100 kb-input-size-standard\"><label for=\"kb_field_89_c61e0b-ce_1\">Adresse postale<span class=\"required\">*<\/span><\/label><input name=\"kb_field_1\" id=\"kb_field_89_c61e0b-ce_1\" data-label=\"Adresse postale\" type=\"text\" placeholder=\"\" value=\"\" data-type=\"text\" class=\"kb-field kb-text-style-field kb-text-field kb-field-1\" data-required=\"yes\"\/><\/div><div class=\"kadence-blocks-form-field kb-form-field-2 kb-field-desk-width-25 kb-input-size-standard\"><label for=\"kb_field_89_c61e0b-ce_2\">Code Postale<span class=\"required\">*<\/span><\/label><input name=\"kb_field_2\" id=\"kb_field_89_c61e0b-ce_2\" data-label=\"Code Postale\" type=\"text\" placeholder=\"\" value=\"\" data-type=\"text\" class=\"kb-field kb-text-style-field kb-text-field kb-field-2\" data-required=\"yes\"\/><\/div><div class=\"kadence-blocks-form-field kb-form-field-3 kb-field-desk-width-75 kb-input-size-standard\"><label for=\"kb_field_89_c61e0b-ce_3\">Ville<span class=\"required\">*<\/span><\/label><input name=\"kb_field_3\" id=\"kb_field_89_c61e0b-ce_3\" data-label=\"Ville\" type=\"text\" placeholder=\"\" value=\"\" data-type=\"text\" class=\"kb-field kb-text-style-field kb-text-field kb-field-3\" data-required=\"yes\"\/><\/div><div class=\"kadence-blocks-form-field kb-form-field-4 kb-field-desk-width-100 kb-input-size-standard\"><label for=\"kb_field_89_c61e0b-ce_4\">Sujet<\/label><input name=\"kb_field_4\" id=\"kb_field_89_c61e0b-ce_4\" data-label=\"Sujet\" type=\"text\" placeholder=\"\" value=\"\" data-type=\"text\" class=\"kb-field kb-text-style-field kb-text-field kb-field-4\"\/><\/div><div class=\"kadence-blocks-form-field kb-form-field-5 kb-field-desk-width-100 kb-input-size-standard\"><label for=\"kb_field_89_c61e0b-ce_5\">Email<span class=\"required\">*<\/span><\/label><input name=\"kb_field_5\" id=\"kb_field_89_c61e0b-ce_5\" data-label=\"Email\" type=\"email\" placeholder=\"\" value=\"\" data-type=\"email\" class=\"kb-field kb-text-style-field kb-email-field kb-field-5\" data-required=\"yes\"\/><\/div><div class=\"kadence-blocks-form-field kb-form-field-6 kb-field-desk-width-100 kb-input-size-standard\"><label for=\"kb_field_89_c61e0b-ce_6\">Message<span class=\"required\">*<\/span><\/label><textarea name=\"kb_field_6\" id=\"kb_field_89_c61e0b-ce_6\" data-label=\"Message\" type=\"textarea\" placeholder=\"\" data-type=\"textarea\" class=\"kb-field kb-text-style-field kb-textarea-field kb-field-6\" rows=\"4\" data-required=\"yes\"><\/textarea><\/div><div class=\"kadence-blocks-form-field kb-form-field-7 kb-field-desk-width-100 kb-input-size-standard\"><label for=\"kb_field_89_c61e0b-ce_7\">Message<span class=\"required\">*<\/span><\/label><div data-type=\"checkbox\" data-label=\"Message\" id=\"kb_field_89_c61e0b-ce_7\" class=\"kb-field kb-checkbox-style-field kb-checkbox-field kb-field-7 kb-radio-style-normal\" data-required=\"yes\"><div data-type=\"checkbox\" class=\"kb-checkbox-item kb-checkbox-item-0\"><input type=\"checkbox\" name=\"kb_field_7[]\" id=\"kb_field_7_0\" class=\"kb-sub-field kb-checkbox-style\" value=\"Je consens \u00e0 ce que l'\u00c9tude Marc PETIT, stocke mes informations soumises afin qu'ils puissent r\u00e9pondre \u00e0 ma demande (RGPD).\"\/><label for=\"kb_field_7_0\">Je consens \u00e0 ce que l&rsquo;\u00c9tude Marc PETIT, stocke mes informations soumises afin qu&rsquo;ils puissent r\u00e9pondre \u00e0 ma demande (RGPD).<\/label><\/div><\/div><\/div><input type=\"hidden\" name=\"_kb_form_id\" value=\"89_c61e0b-ce\"\/><input type=\"hidden\" name=\"_kb_form_post_id\" value=\"89\"\/><input type=\"hidden\" name=\"action\" value=\"kb_process_ajax_submit\"\/><label class=\"kadence-verify-label\">Email<input class=\"kadence-blocks-field verify\" type=\"text\" name=\"_kb_verify_email\" autocomplete=\"new-password\" aria-hidden=\"true\" placeholder=\"Email\" tabindex=\"-1\" data-1p-ignore=\"true\" data-lpignore=\"true\" \/><\/label><div class=\"kadence-blocks-form-field kb-submit-field kb-field-desk-width-100\"><button class=\"kb-forms-submit button kb-button-size-standard kb-button-width-auto\">Submit<\/button><\/div><\/form><\/div>\n<noscript><div class=\"kadence-blocks-form-message kadence-blocks-form-warning\">Veuillez activer JavaScript dans votre navigateur pour envoyer le formulaire.<\/div><style>.kadence-form-89_c61e0b-ce .kadence-blocks-form-field.kb-submit-field { display: none; }<\/style><\/noscript>\n\n<style>.wp-block-kadence-spacer.kt-block-spacer-89_544766-a0 .kt-block-spacer{height:60px;}.wp-block-kadence-spacer.kt-block-spacer-89_544766-a0 .kt-divider{border-top-width:1px;height:1px;border-top-color:#eee;width:80%;border-top-style:solid;}<\/style>\n<div class=\"wp-block-kadence-spacer aligncenter kt-block-spacer-89_544766-a0\"><div class=\"kt-block-spacer kt-block-spacer-halign-center\"><hr class=\"kt-divider\"\/><\/div><\/div>\n\n\n<style>.kb-row-layout-id89_ae1a51-03 > .kt-row-column-wrap{align-content:start;}:where(.kb-row-layout-id89_ae1a51-03 > .kt-row-column-wrap) > .wp-block-kadence-column{justify-content:start;}.kb-row-layout-id89_ae1a51-03 > .kt-row-column-wrap{column-gap:var(--global-kb-gap-md, 2rem);row-gap:var(--global-kb-gap-md, 2rem);padding-top:var(--global-kb-spacing-sm, 1.5rem);padding-bottom:var(--global-kb-spacing-sm, 1.5rem);grid-template-columns:minmax(0, 1fr);}.kb-row-layout-id89_ae1a51-03 > .kt-row-layout-overlay{opacity:0.30;}@media all and (max-width: 1024px){.kb-row-layout-id89_ae1a51-03 > .kt-row-column-wrap{grid-template-columns:minmax(0, 1fr);}}@media all and (max-width: 767px){.kb-row-layout-id89_ae1a51-03 > .kt-row-column-wrap{grid-template-columns:minmax(0, 1fr);}}<\/style><div class=\"kb-row-layout-wrap kb-row-layout-id89_ae1a51-03 alignnone wp-block-kadence-rowlayout\"><div class=\"kt-row-column-wrap kt-has-1-columns kt-row-layout-equal kt-tab-layout-inherit kt-mobile-layout-row kt-row-valign-top\">\n<style>.kadence-column89_e5d2d8-fc > .kt-inside-inner-col,.kadence-column89_e5d2d8-fc > .kt-inside-inner-col:before{border-top-left-radius:0px;border-top-right-radius:0px;border-bottom-right-radius:0px;border-bottom-left-radius:0px;}.kadence-column89_e5d2d8-fc > .kt-inside-inner-col{column-gap:var(--global-kb-gap-sm, 1rem);}.kadence-column89_e5d2d8-fc > .kt-inside-inner-col{flex-direction:column;}.kadence-column89_e5d2d8-fc > .kt-inside-inner-col > .aligncenter{width:100%;}.kadence-column89_e5d2d8-fc > .kt-inside-inner-col:before{opacity:0.3;}.kadence-column89_e5d2d8-fc{position:relative;}@media all and (max-width: 1024px){.kadence-column89_e5d2d8-fc > .kt-inside-inner-col{flex-direction:column;justify-content:center;}}@media all and (max-width: 767px){.kadence-column89_e5d2d8-fc > .kt-inside-inner-col{flex-direction:column;justify-content:center;}}<\/style>\n<div class=\"wp-block-kadence-column kadence-column89_e5d2d8-fc inner-column-1\"><div class=\"kt-inside-inner-col\"><style>.wp-block-kadence-advancedheading.kt-adv-heading89_fa9526-cb, .wp-block-kadence-advancedheading.kt-adv-heading89_fa9526-cb[data-kb-block=\"kb-adv-heading89_fa9526-cb\"]{text-align:center;font-style:normal;}.wp-block-kadence-advancedheading.kt-adv-heading89_fa9526-cb mark.kt-highlight, .wp-block-kadence-advancedheading.kt-adv-heading89_fa9526-cb[data-kb-block=\"kb-adv-heading89_fa9526-cb\"] mark.kt-highlight{font-style:normal;color:#f76a0c;-webkit-box-decoration-break:clone;box-decoration-break:clone;padding-top:0px;padding-right:0px;padding-bottom:0px;padding-left:0px;}.wp-block-kadence-advancedheading.kt-adv-heading89_fa9526-cb img.kb-inline-image, .wp-block-kadence-advancedheading.kt-adv-heading89_fa9526-cb[data-kb-block=\"kb-adv-heading89_fa9526-cb\"] img.kb-inline-image{width:150px;vertical-align:baseline;}<\/style>\n<h4 class=\"kt-adv-heading89_fa9526-cb wp-block-kadence-advancedheading\" data-kb-block=\"kb-adv-heading89_fa9526-cb\">Etude d\u2019Avocat Marc Petit<br>Tel.: +352 26 44 33 \u2013 marc.petit@barreau.lu<\/h4>\n\n\n<style>.wp-block-kadence-advancedheading.kt-adv-heading89_3a4c32-c2, .wp-block-kadence-advancedheading.kt-adv-heading89_3a4c32-c2[data-kb-block=\"kb-adv-heading89_3a4c32-c2\"]{text-align:center;font-style:normal;}.wp-block-kadence-advancedheading.kt-adv-heading89_3a4c32-c2 mark.kt-highlight, .wp-block-kadence-advancedheading.kt-adv-heading89_3a4c32-c2[data-kb-block=\"kb-adv-heading89_3a4c32-c2\"] mark.kt-highlight{font-style:normal;color:#f76a0c;-webkit-box-decoration-break:clone;box-decoration-break:clone;padding-top:0px;padding-right:0px;padding-bottom:0px;padding-left:0px;}.wp-block-kadence-advancedheading.kt-adv-heading89_3a4c32-c2 img.kb-inline-image, .wp-block-kadence-advancedheading.kt-adv-heading89_3a4c32-c2[data-kb-block=\"kb-adv-heading89_3a4c32-c2\"] img.kb-inline-image{width:150px;vertical-align:baseline;}<\/style>\n<h6 class=\"kt-adv-heading89_3a4c32-c2 wp-block-kadence-advancedheading\" data-kb-block=\"kb-adv-heading89_3a4c32-c2\">FAX: +352 26 44 33 44<\/h6>\n\n\n<style>.wp-block-kadence-advancedheading.kt-adv-heading89_4be8b1-bc, .wp-block-kadence-advancedheading.kt-adv-heading89_4be8b1-bc[data-kb-block=\"kb-adv-heading89_4be8b1-bc\"]{text-align:center;font-style:normal;}.wp-block-kadence-advancedheading.kt-adv-heading89_4be8b1-bc mark.kt-highlight, .wp-block-kadence-advancedheading.kt-adv-heading89_4be8b1-bc[data-kb-block=\"kb-adv-heading89_4be8b1-bc\"] mark.kt-highlight{font-style:normal;color:#f76a0c;-webkit-box-decoration-break:clone;box-decoration-break:clone;padding-top:0px;padding-right:0px;padding-bottom:0px;padding-left:0px;}.wp-block-kadence-advancedheading.kt-adv-heading89_4be8b1-bc img.kb-inline-image, .wp-block-kadence-advancedheading.kt-adv-heading89_4be8b1-bc[data-kb-block=\"kb-adv-heading89_4be8b1-bc\"] img.kb-inline-image{width:150px;vertical-align:baseline;}<\/style>\n<h4 class=\"kt-adv-heading89_4be8b1-bc wp-block-kadence-advancedheading\" data-kb-block=\"kb-adv-heading89_4be8b1-bc\">50 Route d\u2019Esch, L-1470 Luxembourg<\/h4>\n<\/div><\/div>\n\n<\/div><\/div><\/div><\/div>\n\n\n<style>.kadence-column89_4a1077-38 > .kt-inside-inner-col,.kadence-column89_4a1077-38 > .kt-inside-inner-col:before{border-top-left-radius:0px;border-top-right-radius:0px;border-bottom-right-radius:0px;border-bottom-left-radius:0px;}.kadence-column89_4a1077-38 > .kt-inside-inner-col{column-gap:var(--global-kb-gap-sm, 1rem);}.kadence-column89_4a1077-38 > .kt-inside-inner-col{flex-direction:column;}.kadence-column89_4a1077-38 > .kt-inside-inner-col > .aligncenter{width:100%;}.kadence-column89_4a1077-38 > .kt-inside-inner-col:before{opacity:0.3;}.kadence-column89_4a1077-38{position:relative;}@media all and (max-width: 1024px){.kadence-column89_4a1077-38 > .kt-inside-inner-col{flex-direction:column;justify-content:center;}}@media all and (max-width: 767px){.kadence-column89_4a1077-38 > .kt-inside-inner-col{flex-direction:column;justify-content:center;}}<\/style>\n<div class=\"wp-block-kadence-column kadence-column89_4a1077-38 inner-column-3\"><div class=\"kt-inside-inner-col\"><\/div><\/div>\n\n<\/div><\/div>","protected":false},"excerpt":{"rendered":"<p>N&rsquo;h\u00e9sitez pas \u00e0 nous \u00e9crire Etude d\u2019Avocat Marc PetitTel.: +352 26 44 33 \u2013 marc.petit@barreau.lu FAX: +352 26 44 33 44 50 Route d\u2019Esch, L-1470 Luxembourg<\/p>\n","protected":false},"author":1,"featured_media":0,"parent":0,"menu_order":0,"comment_status":"closed","ping_status":"closed","template":"","meta":{"_kad_post_transparent":"","_kad_post_title":"","_kad_post_layout":"","_kad_post_sidebar_id":"","_kad_post_content_style":"","_kad_post_vertical_padding":"","_kad_post_feature":"","_kad_post_feature_position":"","_kad_post_header":false,"_kad_post_footer":false,"_kad_post_classname":"","footnotes":""},"class_list":["post-89","page","type-page","status-publish","hentry"],"_links":{"self":[{"href":"https:\/\/eamp.lu\/index.php\/wp-json\/wp\/v2\/pages\/89","targetHints":{"allow":["GET"]}}],"collection":[{"href":"https:\/\/eamp.lu\/index.php\/wp-json\/wp\/v2\/pages"}],"about":[{"href":"https:\/\/eamp.lu\/index.php\/wp-json\/wp\/v2\/types\/page"}],"author":[{"embeddable":true,"href":"https:\/\/eamp.lu\/index.php\/wp-json\/wp\/v2\/users\/1"}],"replies":[{"embeddable":true,"href":"https:\/\/eamp.lu\/index.php\/wp-json\/wp\/v2\/comments?post=89"}],"version-history":[{"count":15,"href":"https:\/\/eamp.lu\/index.php\/wp-json\/wp\/v2\/pages\/89\/revisions"}],"predecessor-version":[{"id":328,"href":"https:\/\/eamp.lu\/index.php\/wp-json\/wp\/v2\/pages\/89\/revisions\/328"}],"wp:attachment":[{"href":"https:\/\/eamp.lu\/index.php\/wp-json\/wp\/v2\/media?parent=89"}],"curies":[{"name":"wp","href":"https:\/\/api.w.org\/{rel}","templated":true}]}}